{"id":160,"date":"2020-06-12T14:45:15","date_gmt":"2020-06-12T14:45:15","guid":{"rendered":"http:\/\/verifrut.cl\/sitio\/?post_type=product&#038;p=160"},"modified":"2021-12-22T02:58:37","modified_gmt":"2021-12-22T02:58:37","slug":"pepino-dulce-kilo","status":"publish","type":"product","link":"https:\/\/verifrut.cl\/sitio\/?product=pepino-dulce-kilo","title":{"rendered":"PEPINO DULCE (kilo)"},"content":{"rendered":"<p><strong>Entre sus propiedades podemos mencionar las siguientes<\/strong><\/p>\n<p>\u2022 Posee propiedades antioxidantes. Elimina los radicales libres.<br \/>\n\u2022 Tiene propiedades antiinflamatorias.<br \/>\n\u2022 Elimina el colesterol.<br \/>\n\u2022 Reduce los riesgos de padecer enfermedades cardiovasculares.<br \/>\n\u2022 Facilita el sue\u00f1o, eliminando el insomnio.<br \/>\n\u2022 Regula la hipertensi\u00f3n. As\u00ed como sucede con el apio, una bebida con cualidades de incolora puede ayudar a controlar la presi\u00f3n arterial por su contenido de trazas de sodio y su riqueza en minerales.<br \/>\n\u2022 Regula el tr\u00e1nsito intestinal, reduciendo los riesgos de\u00a0<strong><a href=\"https:\/\/salud.infinittonews.com\/el-mani-puede-prevenir-el-cancer-de-colon\/\" target=\"_blank\" rel=\"noopener noreferrer\">padecer c\u00e1ncer de colon.<\/a><\/strong><br \/>\n\u2022 Regula los niveles de\u00a0<a href=\"https:\/\/salud.infinittonews.com\/remedios-caseros-efectivos-para-la-diabetes-y-otros-consejos-importantes\/\" target=\"_blank\" rel=\"noopener noreferrer\"><strong>az\u00facar en la sangre.<\/strong><\/a><br \/>\n\u2022 Fortalece el sistema inmunol\u00f3gico.<br \/>\n\u2022 Ayuda a no padecer problemas de c\u00e1lculos renales.<\/p>\n","protected":false},"excerpt":{"rendered":"<p>Entre sus propiedades podemos mencionar las siguientes \u2022 Posee propiedades antioxidantes. Elimina los radicales libres. \u2022 Tiene propiedades antiinflamatorias. \u2022 Elimina el colesterol. \u2022 Reduce los riesgos de padecer enfermedades cardiovasculares. \u2022 Facilita el sue\u00f1o, eliminando el insomnio. \u2022 Regula la hipertensi\u00f3n. As\u00ed como sucede con el apio, una bebida con cualidades de incolora puede &hellip;<\/p>\n<p class=\"read-more\"> <a class=\"\" href=\"https:\/\/verifrut.cl\/sitio\/?product=pepino-dulce-kilo\"> <span class=\"screen-reader-text\">PEPINO DULCE (kilo)<\/span> Read More &raquo;<\/a><\/p>\n","protected":false},"featured_media":168,"template":"","meta":{"site-sidebar-layout":"default","site-content-layout":"","ast-site-content-layout":"","site-content-style":"default","site-sidebar-style":"default","ast-global-header-display":"","ast-banner-title-visibility":"","ast-main-header-display":"","ast-hfb-above-header-display":"","ast-hfb-below-header-display":"","ast-hfb-mobile-header-display":"","site-post-title":"","ast-breadcrumbs-content":"","ast-featured-img":"","footer-sml-layout":"","theme-transparent-header-meta":"","adv-header-id-meta":"","stick-header-meta":"","header-above-stick-meta":"","header-main-stick-meta":"","header-below-stick-meta":"","astra-migrate-meta-layouts":"","spay_email":""},"product_cat":[20],"product_tag":[],"yoast_head":"<!-- This site is optimized with the Yoast SEO plugin v18.4.1 - https:\/\/yoast.com\/wordpress\/plugins\/seo\/ -->\n<title>PEPINO DULCE (kilo) &ndash; DELIVERY Frutas y Verduras entrega a domicilio Quillota y la Cruz<\/title>\n<meta name=\"description\" content=\"Come los mejores Pepinos dulces junto a las mejores Frutas y Verduras en Quilota y la Cruz, VERIFRUT del campo a tu mesa\" \/>\n<meta name=\"robots\" content=\"index, follow, max-snippet:-1, max-image-preview:large, max-video-preview:-1\" \/>\n<link rel=\"canonical\" href=\"https:\/\/verifrut.cl\/sitio\/?product=pepino-dulce-kilo\" \/>\n<meta property=\"og:locale\" content=\"es_ES\" \/>\n<meta property=\"og:type\" content=\"article\" \/>\n<meta property=\"og:title\" content=\"PEPINO DULCE (kilo) &ndash; DELIVERY Frutas y Verduras entrega a domicilio Quillota y la Cruz\" \/>\n<meta property=\"og:description\" content=\"Come los mejores Pepinos dulces junto a las mejores Frutas y Verduras en Quilota y la Cruz, VERIFRUT del campo a tu mesa\" \/>\n<meta property=\"og:url\" content=\"https:\/\/verifrut.cl\/sitio\/?product=pepino-dulce-kilo\" \/>\n<meta property=\"og:site_name\" content=\"DELIVERY Frutas y Verduras entrega a domicilio Quillota y la Cruz\" \/>\n<meta property=\"article:modified_time\" content=\"2021-12-22T02:58:37+00:00\" \/>\n<meta property=\"og:image\" content=\"https:\/\/verifrut.cl\/sitio\/wp-content\/uploads\/2020\/06\/pepino_dulce-removebg-preview.png\" \/>\n\t<meta property=\"og:image:width\" content=\"600\" \/>\n\t<meta property=\"og:image:height\" content=\"263\" \/>\n\t<meta property=\"og:image:type\" content=\"image\/png\" \/>\n<meta name=\"twitter:card\" content=\"summary_large_image\" \/>\n<meta name=\"twitter:label1\" content=\"Est. reading time\" \/>\n\t<meta name=\"twitter:data1\" content=\"1 minuto\" \/>\n<script type=\"application\/ld+json\" class=\"yoast-schema-graph\">{\"@context\":\"https:\/\/schema.org\",\"@graph\":[{\"@type\":\"Organization\",\"@id\":\"https:\/\/verifrut.cl\/sitio\/#organization\",\"name\":\"VERIFRUT Frutas y Verduras a domicilio\",\"url\":\"https:\/\/verifrut.cl\/sitio\/\",\"sameAs\":[],\"logo\":{\"@type\":\"ImageObject\",\"@id\":\"https:\/\/verifrut.cl\/sitio\/#logo\",\"inLanguage\":\"es-CL\",\"url\":\"https:\/\/verifrut.cl\/sitio\/wp-content\/uploads\/2020\/06\/TITULO-WEB.png\",\"contentUrl\":\"https:\/\/verifrut.cl\/sitio\/wp-content\/uploads\/2020\/06\/TITULO-WEB.png\",\"width\":1776,\"height\":492,\"caption\":\"VERIFRUT Frutas y Verduras a domicilio\"},\"image\":{\"@id\":\"https:\/\/verifrut.cl\/sitio\/#logo\"}},{\"@type\":\"WebSite\",\"@id\":\"https:\/\/verifrut.cl\/sitio\/#website\",\"url\":\"https:\/\/verifrut.cl\/sitio\/\",\"name\":\"DELIVERY Frutas y Verduras entrega a domicilio Quillota y la Cruz\",\"description\":\"Delivery Frutas y Verduras en Quillota y la Cruz\",\"publisher\":{\"@id\":\"https:\/\/verifrut.cl\/sitio\/#organization\"},\"potentialAction\":[{\"@type\":\"SearchAction\",\"target\":{\"@type\":\"EntryPoint\",\"urlTemplate\":\"https:\/\/verifrut.cl\/sitio\/?s={search_term_string}\"},\"query-input\":\"required name=search_term_string\"}],\"inLanguage\":\"es-CL\"},{\"@type\":\"ImageObject\",\"@id\":\"https:\/\/verifrut.cl\/sitio\/?product=pepino-dulce-kilo#primaryimage\",\"inLanguage\":\"es-CL\",\"url\":\"https:\/\/verifrut.cl\/sitio\/wp-content\/uploads\/2020\/06\/pepino_dulce-removebg-preview.png\",\"contentUrl\":\"https:\/\/verifrut.cl\/sitio\/wp-content\/uploads\/2020\/06\/pepino_dulce-removebg-preview.png\",\"width\":600,\"height\":263},{\"@type\":\"WebPage\",\"@id\":\"https:\/\/verifrut.cl\/sitio\/?product=pepino-dulce-kilo#webpage\",\"url\":\"https:\/\/verifrut.cl\/sitio\/?product=pepino-dulce-kilo\",\"name\":\"PEPINO DULCE (kilo) &ndash; DELIVERY Frutas y Verduras entrega a domicilio Quillota y la Cruz\",\"isPartOf\":{\"@id\":\"https:\/\/verifrut.cl\/sitio\/#website\"},\"primaryImageOfPage\":{\"@id\":\"https:\/\/verifrut.cl\/sitio\/?product=pepino-dulce-kilo#primaryimage\"},\"datePublished\":\"2020-06-12T14:45:15+00:00\",\"dateModified\":\"2021-12-22T02:58:37+00:00\",\"description\":\"Come los mejores Pepinos dulces junto a las mejores Frutas y Verduras en Quilota y la Cruz, VERIFRUT del campo a tu mesa\",\"breadcrumb\":{\"@id\":\"https:\/\/verifrut.cl\/sitio\/?product=pepino-dulce-kilo#breadcrumb\"},\"inLanguage\":\"es-CL\",\"potentialAction\":[{\"@type\":\"ReadAction\",\"target\":[\"https:\/\/verifrut.cl\/sitio\/?product=pepino-dulce-kilo\"]}]},{\"@type\":\"BreadcrumbList\",\"@id\":\"https:\/\/verifrut.cl\/sitio\/?product=pepino-dulce-kilo#breadcrumb\",\"itemListElement\":[{\"@type\":\"ListItem\",\"position\":1,\"name\":\"Portada\",\"item\":\"https:\/\/verifrut.cl\/sitio\/\"},{\"@type\":\"ListItem\",\"position\":2,\"name\":\"Tienda\",\"item\":\"https:\/\/verifrut.cl\/sitio\/?page_id=8\"},{\"@type\":\"ListItem\",\"position\":3,\"name\":\"PEPINO DULCE (kilo)\"}]}]}<\/script>\n<!-- \/ Yoast SEO plugin. -->","yoast_head_json":{"title":"PEPINO DULCE (kilo) &ndash; DELIVERY Frutas y Verduras entrega a domicilio Quillota y la Cruz","description":"Come los mejores Pepinos dulces junto a las mejores Frutas y Verduras en Quilota y la Cruz, VERIFRUT del campo a tu mesa","robots":{"index":"index","follow":"follow","max-snippet":"max-snippet:-1","max-image-preview":"max-image-preview:large","max-video-preview":"max-video-preview:-1"},"canonical":"https:\/\/verifrut.cl\/sitio\/?product=pepino-dulce-kilo","og_locale":"es_ES","og_type":"article","og_title":"PEPINO DULCE (kilo) &ndash; DELIVERY Frutas y Verduras entrega a domicilio Quillota y la Cruz","og_description":"Come los mejores Pepinos dulces junto a las mejores Frutas y Verduras en Quilota y la Cruz, VERIFRUT del campo a tu mesa","og_url":"https:\/\/verifrut.cl\/sitio\/?product=pepino-dulce-kilo","og_site_name":"DELIVERY Frutas y Verduras entrega a domicilio Quillota y la Cruz","article_modified_time":"2021-12-22T02:58:37+00:00","og_image":[{"width":600,"height":263,"url":"https:\/\/verifrut.cl\/sitio\/wp-content\/uploads\/2020\/06\/pepino_dulce-removebg-preview.png","type":"image\/png"}],"twitter_card":"summary_large_image","twitter_misc":{"Est. reading time":"1 minuto"},"schema":{"@context":"https:\/\/schema.org","@graph":[{"@type":"Organization","@id":"https:\/\/verifrut.cl\/sitio\/#organization","name":"VERIFRUT Frutas y Verduras a domicilio","url":"https:\/\/verifrut.cl\/sitio\/","sameAs":[],"logo":{"@type":"ImageObject","@id":"https:\/\/verifrut.cl\/sitio\/#logo","inLanguage":"es-CL","url":"https:\/\/verifrut.cl\/sitio\/wp-content\/uploads\/2020\/06\/TITULO-WEB.png","contentUrl":"https:\/\/verifrut.cl\/sitio\/wp-content\/uploads\/2020\/06\/TITULO-WEB.png","width":1776,"height":492,"caption":"VERIFRUT Frutas y Verduras a domicilio"},"image":{"@id":"https:\/\/verifrut.cl\/sitio\/#logo"}},{"@type":"WebSite","@id":"https:\/\/verifrut.cl\/sitio\/#website","url":"https:\/\/verifrut.cl\/sitio\/","name":"DELIVERY Frutas y Verduras entrega a domicilio Quillota y la Cruz","description":"Delivery Frutas y Verduras en Quillota y la Cruz","publisher":{"@id":"https:\/\/verifrut.cl\/sitio\/#organization"},"potentialAction":[{"@type":"SearchAction","target":{"@type":"EntryPoint","urlTemplate":"https:\/\/verifrut.cl\/sitio\/?s={search_term_string}"},"query-input":"required name=search_term_string"}],"inLanguage":"es-CL"},{"@type":"ImageObject","@id":"https:\/\/verifrut.cl\/sitio\/?product=pepino-dulce-kilo#primaryimage","inLanguage":"es-CL","url":"https:\/\/verifrut.cl\/sitio\/wp-content\/uploads\/2020\/06\/pepino_dulce-removebg-preview.png","contentUrl":"https:\/\/verifrut.cl\/sitio\/wp-content\/uploads\/2020\/06\/pepino_dulce-removebg-preview.png","width":600,"height":263},{"@type":"WebPage","@id":"https:\/\/verifrut.cl\/sitio\/?product=pepino-dulce-kilo#webpage","url":"https:\/\/verifrut.cl\/sitio\/?product=pepino-dulce-kilo","name":"PEPINO DULCE (kilo) &ndash; DELIVERY Frutas y Verduras entrega a domicilio Quillota y la Cruz","isPartOf":{"@id":"https:\/\/verifrut.cl\/sitio\/#website"},"primaryImageOfPage":{"@id":"https:\/\/verifrut.cl\/sitio\/?product=pepino-dulce-kilo#primaryimage"},"datePublished":"2020-06-12T14:45:15+00:00","dateModified":"2021-12-22T02:58:37+00:00","description":"Come los mejores Pepinos dulces junto a las mejores Frutas y Verduras en Quilota y la Cruz, VERIFRUT del campo a tu mesa","breadcrumb":{"@id":"https:\/\/verifrut.cl\/sitio\/?product=pepino-dulce-kilo#breadcrumb"},"inLanguage":"es-CL","potentialAction":[{"@type":"ReadAction","target":["https:\/\/verifrut.cl\/sitio\/?product=pepino-dulce-kilo"]}]},{"@type":"BreadcrumbList","@id":"https:\/\/verifrut.cl\/sitio\/?product=pepino-dulce-kilo#breadcrumb","itemListElement":[{"@type":"ListItem","position":1,"name":"Portada","item":"https:\/\/verifrut.cl\/sitio\/"},{"@type":"ListItem","position":2,"name":"Tienda","item":"https:\/\/verifrut.cl\/sitio\/?page_id=8"},{"@type":"ListItem","position":3,"name":"PEPINO DULCE (kilo)"}]}]}},"_links":{"self":[{"href":"https:\/\/verifrut.cl\/sitio\/index.php?rest_route=\/wp\/v2\/product\/160"}],"collection":[{"href":"https:\/\/verifrut.cl\/sitio\/index.php?rest_route=\/wp\/v2\/product"}],"about":[{"href":"https:\/\/verifrut.cl\/sitio\/index.php?rest_route=\/wp\/v2\/types\/product"}],"wp:featuredmedia":[{"embeddable":true,"href":"https:\/\/verifrut.cl\/sitio\/index.php?rest_route=\/wp\/v2\/media\/168"}],"wp:attachment":[{"href":"https:\/\/verifrut.cl\/sitio\/index.php?rest_route=%2Fwp%2Fv2%2Fmedia&parent=160"}],"wp:term":[{"taxonomy":"product_cat","embeddable":true,"href":"https:\/\/verifrut.cl\/sitio\/index.php?rest_route=%2Fwp%2Fv2%2Fproduct_cat&post=160"},{"taxonomy":"product_tag","embeddable":true,"href":"https:\/\/verifrut.cl\/sitio\/index.php?rest_route=%2Fwp%2Fv2%2Fproduct_tag&post=160"}],"curies":[{"name":"wp","href":"https:\/\/api.w.org\/{rel}","templated":true}]}}