{"id":233,"date":"2020-06-14T05:09:41","date_gmt":"2020-06-14T05:09:41","guid":{"rendered":"http:\/\/verifrut.cl\/sitio\/?post_type=product&#038;p=233"},"modified":"2021-04-06T17:56:22","modified_gmt":"2021-04-06T17:56:22","slug":"membrillo-kilo","status":"publish","type":"product","link":"https:\/\/verifrut.cl\/sitio\/?product=membrillo-kilo","title":{"rendered":"MEMBRILLO (kilo)"},"content":{"rendered":"<div class=\"co8aDb gsrt\" role=\"heading\" aria-level=\"3\"><b>Beneficios\u00a0del\u00a0membrillo para la salud<\/b><\/div>\n<div class=\"RqBzHd\">\n<ul class=\"i8Z77e\">\n<li class=\"TrT0Xe\">Al ser rica en pectinas, esta fruta es muy adecuada\u00a0para\u00a0las personas que tengan niveles elevados de <strong>colesterol en la sangre<\/strong>.<\/li>\n<li class=\"TrT0Xe\">Efecto astringente.<\/li>\n<li class=\"TrT0Xe\">\u00c9l acido m\u00e1lico tiene efecto <strong>desintoxicante<\/strong> y ayuda a eliminar \u00e1cido \u00farico.<\/li>\n<li class=\"TrT0Xe\">Es expectorante.<\/li>\n<li class=\"TrT0Xe\">Baja la <strong>hipertensi\u00f3n.<\/strong><\/li>\n<\/ul>\n<\/div>\n","protected":false},"excerpt":{"rendered":"<p>Beneficios\u00a0del\u00a0membrillo para la salud Al ser rica en pectinas, esta fruta es muy adecuada\u00a0para\u00a0las personas que tengan niveles elevados de colesterol en la sangre. Efecto astringente. \u00c9l acido m\u00e1lico tiene efecto desintoxicante y ayuda a eliminar \u00e1cido \u00farico. Es expectorante. Baja la hipertensi\u00f3n.<\/p>\n","protected":false},"featured_media":234,"template":"","meta":{"site-sidebar-layout":"default","site-content-layout":"","ast-site-content-layout":"","site-content-style":"default","site-sidebar-style":"default","ast-global-header-display":"","ast-banner-title-visibility":"","ast-main-header-display":"","ast-hfb-above-header-display":"","ast-hfb-below-header-display":"","ast-hfb-mobile-header-display":"","site-post-title":"","ast-breadcrumbs-content":"","ast-featured-img":"","footer-sml-layout":"","theme-transparent-header-meta":"","adv-header-id-meta":"","stick-header-meta":"","header-above-stick-meta":"","header-main-stick-meta":"","header-below-stick-meta":"","astra-migrate-meta-layouts":"","spay_email":""},"product_cat":[20],"product_tag":[],"yoast_head":"<!-- This site is optimized with the Yoast SEO plugin v18.4.1 - https:\/\/yoast.com\/wordpress\/plugins\/seo\/ -->\n<title>MEMBRILLO (kilo) &ndash; DELIVERY Frutas y Verduras entrega a domicilio Quillota y la Cruz<\/title>\n<meta name=\"description\" content=\"Membrillos y todas las frutas y verduras en Quillota y la Cruz con delivery gratis, VERIFRUT verduras y frutas\" \/>\n<meta name=\"robots\" content=\"index, follow, max-snippet:-1, max-image-preview:large, max-video-preview:-1\" \/>\n<link rel=\"canonical\" href=\"https:\/\/verifrut.cl\/sitio\/?product=membrillo-kilo\" \/>\n<meta property=\"og:locale\" content=\"es_ES\" \/>\n<meta property=\"og:type\" content=\"article\" \/>\n<meta property=\"og:title\" content=\"MEMBRILLO (kilo) &ndash; DELIVERY Frutas y Verduras entrega a domicilio Quillota y la Cruz\" \/>\n<meta property=\"og:description\" content=\"Membrillos y todas las frutas y verduras en Quillota y la Cruz con delivery gratis, VERIFRUT verduras y frutas\" \/>\n<meta property=\"og:url\" content=\"https:\/\/verifrut.cl\/sitio\/?product=membrillo-kilo\" \/>\n<meta property=\"og:site_name\" content=\"DELIVERY Frutas y Verduras entrega a domicilio Quillota y la Cruz\" \/>\n<meta property=\"article:modified_time\" content=\"2021-04-06T17:56:22+00:00\" \/>\n<meta property=\"og:image\" content=\"https:\/\/verifrut.cl\/sitio\/wp-content\/uploads\/2020\/06\/membrillo.png\" \/>\n\t<meta property=\"og:image:width\" content=\"661\" \/>\n\t<meta property=\"og:image:height\" content=\"377\" \/>\n\t<meta property=\"og:image:type\" content=\"image\/png\" \/>\n<meta name=\"twitter:card\" content=\"summary_large_image\" \/>\n<script type=\"application\/ld+json\" class=\"yoast-schema-graph\">{\"@context\":\"https:\/\/schema.org\",\"@graph\":[{\"@type\":\"Organization\",\"@id\":\"https:\/\/verifrut.cl\/sitio\/#organization\",\"name\":\"VERIFRUT Frutas y Verduras a domicilio\",\"url\":\"https:\/\/verifrut.cl\/sitio\/\",\"sameAs\":[],\"logo\":{\"@type\":\"ImageObject\",\"@id\":\"https:\/\/verifrut.cl\/sitio\/#logo\",\"inLanguage\":\"es-CL\",\"url\":\"https:\/\/verifrut.cl\/sitio\/wp-content\/uploads\/2020\/06\/TITULO-WEB.png\",\"contentUrl\":\"https:\/\/verifrut.cl\/sitio\/wp-content\/uploads\/2020\/06\/TITULO-WEB.png\",\"width\":1776,\"height\":492,\"caption\":\"VERIFRUT Frutas y Verduras a domicilio\"},\"image\":{\"@id\":\"https:\/\/verifrut.cl\/sitio\/#logo\"}},{\"@type\":\"WebSite\",\"@id\":\"https:\/\/verifrut.cl\/sitio\/#website\",\"url\":\"https:\/\/verifrut.cl\/sitio\/\",\"name\":\"DELIVERY Frutas y Verduras entrega a domicilio Quillota y la Cruz\",\"description\":\"Delivery Frutas y Verduras en Quillota y la Cruz\",\"publisher\":{\"@id\":\"https:\/\/verifrut.cl\/sitio\/#organization\"},\"potentialAction\":[{\"@type\":\"SearchAction\",\"target\":{\"@type\":\"EntryPoint\",\"urlTemplate\":\"https:\/\/verifrut.cl\/sitio\/?s={search_term_string}\"},\"query-input\":\"required name=search_term_string\"}],\"inLanguage\":\"es-CL\"},{\"@type\":\"ImageObject\",\"@id\":\"https:\/\/verifrut.cl\/sitio\/?product=membrillo-kilo#primaryimage\",\"inLanguage\":\"es-CL\",\"url\":\"https:\/\/verifrut.cl\/sitio\/wp-content\/uploads\/2020\/06\/membrillo.png\",\"contentUrl\":\"https:\/\/verifrut.cl\/sitio\/wp-content\/uploads\/2020\/06\/membrillo.png\",\"width\":661,\"height\":377},{\"@type\":\"WebPage\",\"@id\":\"https:\/\/verifrut.cl\/sitio\/?product=membrillo-kilo#webpage\",\"url\":\"https:\/\/verifrut.cl\/sitio\/?product=membrillo-kilo\",\"name\":\"MEMBRILLO (kilo) &ndash; DELIVERY Frutas y Verduras entrega a domicilio Quillota y la Cruz\",\"isPartOf\":{\"@id\":\"https:\/\/verifrut.cl\/sitio\/#website\"},\"primaryImageOfPage\":{\"@id\":\"https:\/\/verifrut.cl\/sitio\/?product=membrillo-kilo#primaryimage\"},\"datePublished\":\"2020-06-14T05:09:41+00:00\",\"dateModified\":\"2021-04-06T17:56:22+00:00\",\"description\":\"Membrillos y todas las frutas y verduras en Quillota y la Cruz con delivery gratis, VERIFRUT verduras y frutas\",\"breadcrumb\":{\"@id\":\"https:\/\/verifrut.cl\/sitio\/?product=membrillo-kilo#breadcrumb\"},\"inLanguage\":\"es-CL\",\"potentialAction\":[{\"@type\":\"ReadAction\",\"target\":[\"https:\/\/verifrut.cl\/sitio\/?product=membrillo-kilo\"]}]},{\"@type\":\"BreadcrumbList\",\"@id\":\"https:\/\/verifrut.cl\/sitio\/?product=membrillo-kilo#breadcrumb\",\"itemListElement\":[{\"@type\":\"ListItem\",\"position\":1,\"name\":\"Portada\",\"item\":\"https:\/\/verifrut.cl\/sitio\/\"},{\"@type\":\"ListItem\",\"position\":2,\"name\":\"Tienda\",\"item\":\"https:\/\/verifrut.cl\/sitio\/?page_id=8\"},{\"@type\":\"ListItem\",\"position\":3,\"name\":\"MEMBRILLO (kilo)\"}]}]}<\/script>\n<!-- \/ Yoast SEO plugin. -->","yoast_head_json":{"title":"MEMBRILLO (kilo) &ndash; DELIVERY Frutas y Verduras entrega a domicilio Quillota y la Cruz","description":"Membrillos y todas las frutas y verduras en Quillota y la Cruz con delivery gratis, VERIFRUT verduras y frutas","robots":{"index":"index","follow":"follow","max-snippet":"max-snippet:-1","max-image-preview":"max-image-preview:large","max-video-preview":"max-video-preview:-1"},"canonical":"https:\/\/verifrut.cl\/sitio\/?product=membrillo-kilo","og_locale":"es_ES","og_type":"article","og_title":"MEMBRILLO (kilo) &ndash; DELIVERY Frutas y Verduras entrega a domicilio Quillota y la Cruz","og_description":"Membrillos y todas las frutas y verduras en Quillota y la Cruz con delivery gratis, VERIFRUT verduras y frutas","og_url":"https:\/\/verifrut.cl\/sitio\/?product=membrillo-kilo","og_site_name":"DELIVERY Frutas y Verduras entrega a domicilio Quillota y la Cruz","article_modified_time":"2021-04-06T17:56:22+00:00","og_image":[{"width":661,"height":377,"url":"https:\/\/verifrut.cl\/sitio\/wp-content\/uploads\/2020\/06\/membrillo.png","type":"image\/png"}],"twitter_card":"summary_large_image","schema":{"@context":"https:\/\/schema.org","@graph":[{"@type":"Organization","@id":"https:\/\/verifrut.cl\/sitio\/#organization","name":"VERIFRUT Frutas y Verduras a domicilio","url":"https:\/\/verifrut.cl\/sitio\/","sameAs":[],"logo":{"@type":"ImageObject","@id":"https:\/\/verifrut.cl\/sitio\/#logo","inLanguage":"es-CL","url":"https:\/\/verifrut.cl\/sitio\/wp-content\/uploads\/2020\/06\/TITULO-WEB.png","contentUrl":"https:\/\/verifrut.cl\/sitio\/wp-content\/uploads\/2020\/06\/TITULO-WEB.png","width":1776,"height":492,"caption":"VERIFRUT Frutas y Verduras a domicilio"},"image":{"@id":"https:\/\/verifrut.cl\/sitio\/#logo"}},{"@type":"WebSite","@id":"https:\/\/verifrut.cl\/sitio\/#website","url":"https:\/\/verifrut.cl\/sitio\/","name":"DELIVERY Frutas y Verduras entrega a domicilio Quillota y la Cruz","description":"Delivery Frutas y Verduras en Quillota y la Cruz","publisher":{"@id":"https:\/\/verifrut.cl\/sitio\/#organization"},"potentialAction":[{"@type":"SearchAction","target":{"@type":"EntryPoint","urlTemplate":"https:\/\/verifrut.cl\/sitio\/?s={search_term_string}"},"query-input":"required name=search_term_string"}],"inLanguage":"es-CL"},{"@type":"ImageObject","@id":"https:\/\/verifrut.cl\/sitio\/?product=membrillo-kilo#primaryimage","inLanguage":"es-CL","url":"https:\/\/verifrut.cl\/sitio\/wp-content\/uploads\/2020\/06\/membrillo.png","contentUrl":"https:\/\/verifrut.cl\/sitio\/wp-content\/uploads\/2020\/06\/membrillo.png","width":661,"height":377},{"@type":"WebPage","@id":"https:\/\/verifrut.cl\/sitio\/?product=membrillo-kilo#webpage","url":"https:\/\/verifrut.cl\/sitio\/?product=membrillo-kilo","name":"MEMBRILLO (kilo) &ndash; DELIVERY Frutas y Verduras entrega a domicilio Quillota y la Cruz","isPartOf":{"@id":"https:\/\/verifrut.cl\/sitio\/#website"},"primaryImageOfPage":{"@id":"https:\/\/verifrut.cl\/sitio\/?product=membrillo-kilo#primaryimage"},"datePublished":"2020-06-14T05:09:41+00:00","dateModified":"2021-04-06T17:56:22+00:00","description":"Membrillos y todas las frutas y verduras en Quillota y la Cruz con delivery gratis, VERIFRUT verduras y frutas","breadcrumb":{"@id":"https:\/\/verifrut.cl\/sitio\/?product=membrillo-kilo#breadcrumb"},"inLanguage":"es-CL","potentialAction":[{"@type":"ReadAction","target":["https:\/\/verifrut.cl\/sitio\/?product=membrillo-kilo"]}]},{"@type":"BreadcrumbList","@id":"https:\/\/verifrut.cl\/sitio\/?product=membrillo-kilo#breadcrumb","itemListElement":[{"@type":"ListItem","position":1,"name":"Portada","item":"https:\/\/verifrut.cl\/sitio\/"},{"@type":"ListItem","position":2,"name":"Tienda","item":"https:\/\/verifrut.cl\/sitio\/?page_id=8"},{"@type":"ListItem","position":3,"name":"MEMBRILLO (kilo)"}]}]}},"_links":{"self":[{"href":"https:\/\/verifrut.cl\/sitio\/index.php?rest_route=\/wp\/v2\/product\/233"}],"collection":[{"href":"https:\/\/verifrut.cl\/sitio\/index.php?rest_route=\/wp\/v2\/product"}],"about":[{"href":"https:\/\/verifrut.cl\/sitio\/index.php?rest_route=\/wp\/v2\/types\/product"}],"wp:featuredmedia":[{"embeddable":true,"href":"https:\/\/verifrut.cl\/sitio\/index.php?rest_route=\/wp\/v2\/media\/234"}],"wp:attachment":[{"href":"https:\/\/verifrut.cl\/sitio\/index.php?rest_route=%2Fwp%2Fv2%2Fmedia&parent=233"}],"wp:term":[{"taxonomy":"product_cat","embeddable":true,"href":"https:\/\/verifrut.cl\/sitio\/index.php?rest_route=%2Fwp%2Fv2%2Fproduct_cat&post=233"},{"taxonomy":"product_tag","embeddable":true,"href":"https:\/\/verifrut.cl\/sitio\/index.php?rest_route=%2Fwp%2Fv2%2Fproduct_tag&post=233"}],"curies":[{"name":"wp","href":"https:\/\/api.w.org\/{rel}","templated":true}]}}