{"id":334,"date":"2020-07-01T08:46:35","date_gmt":"2020-07-01T08:46:35","guid":{"rendered":"https:\/\/verifrut.cl\/sitio\/?post_type=product&#038;p=334"},"modified":"2021-08-29T19:40:37","modified_gmt":"2021-08-29T19:40:37","slug":"apio-unid","status":"publish","type":"product","link":"https:\/\/verifrut.cl\/sitio\/?product=apio-unid","title":{"rendered":"APIO (unid)"},"content":{"rendered":"<div class=\"co8aDb gsrt\" role=\"heading\" aria-level=\"3\"><b>Beneficios del apio para la salud<\/b><\/div>\n<div class=\"RqBzHd\">\n<ul class=\"i8Z77e\">\n<li class=\"TrT0Xe\">Es un gran depurativo. Gracias a su contenido en potasio, el apio estimula la producci\u00f3n de orina.<\/li>\n<li class=\"TrT0Xe\">Combate el estre\u00f1imiento y facilita la digesti\u00f3n.<\/li>\n<li class=\"TrT0Xe\">Ayuda a perder peso<\/li>\n<li class=\"TrT0Xe\">C\u00e1lculos renales.<\/li>\n<li class=\"TrT0Xe\">Relaja.<\/li>\n<li class=\"TrT0Xe\">\u00c1cido \u00farico.<\/li>\n<li class=\"TrT0Xe\">Reduce la tensi\u00f3n arterial.<\/li>\n<li class=\"TrT0Xe\">Anticancer\u00edgeno.<\/li>\n<\/ul>\n<\/div>\n","protected":false},"excerpt":{"rendered":"<p>Beneficios del apio para la salud Es un gran depurativo. Gracias a su contenido en potasio, el apio estimula la producci\u00f3n de orina. Combate el estre\u00f1imiento y facilita la digesti\u00f3n. Ayuda a perder peso C\u00e1lculos renales. Relaja. \u00c1cido \u00farico. Reduce la tensi\u00f3n arterial. Anticancer\u00edgeno.<\/p>\n","protected":false},"featured_media":335,"template":"","meta":{"site-sidebar-layout":"default","site-content-layout":"default","ast-site-content-layout":"","site-content-style":"default","site-sidebar-style":"default","ast-global-header-display":"","ast-banner-title-visibility":"","ast-main-header-display":"","ast-hfb-above-header-display":"","ast-hfb-below-header-display":"","ast-hfb-mobile-header-display":"","site-post-title":"","ast-breadcrumbs-content":"","ast-featured-img":"","footer-sml-layout":"","theme-transparent-header-meta":"default","adv-header-id-meta":"","stick-header-meta":"","header-above-stick-meta":"","header-main-stick-meta":"","header-below-stick-meta":"","astra-migrate-meta-layouts":"","spay_email":""},"product_cat":[19],"product_tag":[],"yoast_head":"<!-- This site is optimized with the Yoast SEO plugin v18.4.1 - https:\/\/yoast.com\/wordpress\/plugins\/seo\/ -->\n<title>APIO (unid) &ndash; DELIVERY Frutas y Verduras entrega a domicilio Quillota y la Cruz<\/title>\n<meta name=\"robots\" content=\"index, follow, max-snippet:-1, max-image-preview:large, max-video-preview:-1\" \/>\n<link rel=\"canonical\" href=\"https:\/\/verifrut.cl\/sitio\/?product=apio-unid\" \/>\n<meta property=\"og:locale\" content=\"es_ES\" \/>\n<meta property=\"og:type\" content=\"article\" \/>\n<meta property=\"og:title\" content=\"APIO (unid) &ndash; DELIVERY Frutas y Verduras entrega a domicilio Quillota y la Cruz\" \/>\n<meta property=\"og:description\" content=\"Beneficios del apio para la salud Es un gran depurativo. Gracias a su contenido en potasio, el apio estimula la producci\u00f3n de orina. Combate el estre\u00f1imiento y facilita la digesti\u00f3n. Ayuda a perder peso C\u00e1lculos renales. Relaja. \u00c1cido \u00farico. Reduce la tensi\u00f3n arterial. Anticancer\u00edgeno.\" \/>\n<meta property=\"og:url\" content=\"https:\/\/verifrut.cl\/sitio\/?product=apio-unid\" \/>\n<meta property=\"og:site_name\" content=\"DELIVERY Frutas y Verduras entrega a domicilio Quillota y la Cruz\" \/>\n<meta property=\"article:modified_time\" content=\"2021-08-29T19:40:37+00:00\" \/>\n<meta property=\"og:image\" content=\"https:\/\/verifrut.cl\/sitio\/wp-content\/uploads\/2020\/07\/apio.png\" \/>\n\t<meta property=\"og:image:width\" content=\"456\" \/>\n\t<meta property=\"og:image:height\" content=\"547\" \/>\n\t<meta property=\"og:image:type\" content=\"image\/png\" \/>\n<meta name=\"twitter:card\" content=\"summary_large_image\" \/>\n<script type=\"application\/ld+json\" class=\"yoast-schema-graph\">{\"@context\":\"https:\/\/schema.org\",\"@graph\":[{\"@type\":\"Organization\",\"@id\":\"https:\/\/verifrut.cl\/sitio\/#organization\",\"name\":\"VERIFRUT Frutas y Verduras a domicilio\",\"url\":\"https:\/\/verifrut.cl\/sitio\/\",\"sameAs\":[],\"logo\":{\"@type\":\"ImageObject\",\"@id\":\"https:\/\/verifrut.cl\/sitio\/#logo\",\"inLanguage\":\"es-CL\",\"url\":\"https:\/\/verifrut.cl\/sitio\/wp-content\/uploads\/2020\/06\/TITULO-WEB.png\",\"contentUrl\":\"https:\/\/verifrut.cl\/sitio\/wp-content\/uploads\/2020\/06\/TITULO-WEB.png\",\"width\":1776,\"height\":492,\"caption\":\"VERIFRUT Frutas y Verduras a domicilio\"},\"image\":{\"@id\":\"https:\/\/verifrut.cl\/sitio\/#logo\"}},{\"@type\":\"WebSite\",\"@id\":\"https:\/\/verifrut.cl\/sitio\/#website\",\"url\":\"https:\/\/verifrut.cl\/sitio\/\",\"name\":\"DELIVERY Frutas y Verduras entrega a domicilio Quillota y la Cruz\",\"description\":\"Delivery Frutas y Verduras en Quillota y la Cruz\",\"publisher\":{\"@id\":\"https:\/\/verifrut.cl\/sitio\/#organization\"},\"potentialAction\":[{\"@type\":\"SearchAction\",\"target\":{\"@type\":\"EntryPoint\",\"urlTemplate\":\"https:\/\/verifrut.cl\/sitio\/?s={search_term_string}\"},\"query-input\":\"required name=search_term_string\"}],\"inLanguage\":\"es-CL\"},{\"@type\":\"ImageObject\",\"@id\":\"https:\/\/verifrut.cl\/sitio\/?product=apio-unid#primaryimage\",\"inLanguage\":\"es-CL\",\"url\":\"https:\/\/verifrut.cl\/sitio\/wp-content\/uploads\/2020\/07\/apio.png\",\"contentUrl\":\"https:\/\/verifrut.cl\/sitio\/wp-content\/uploads\/2020\/07\/apio.png\",\"width\":456,\"height\":547},{\"@type\":\"WebPage\",\"@id\":\"https:\/\/verifrut.cl\/sitio\/?product=apio-unid#webpage\",\"url\":\"https:\/\/verifrut.cl\/sitio\/?product=apio-unid\",\"name\":\"APIO (unid) &ndash; DELIVERY Frutas y Verduras entrega a domicilio Quillota y la Cruz\",\"isPartOf\":{\"@id\":\"https:\/\/verifrut.cl\/sitio\/#website\"},\"primaryImageOfPage\":{\"@id\":\"https:\/\/verifrut.cl\/sitio\/?product=apio-unid#primaryimage\"},\"datePublished\":\"2020-07-01T08:46:35+00:00\",\"dateModified\":\"2021-08-29T19:40:37+00:00\",\"breadcrumb\":{\"@id\":\"https:\/\/verifrut.cl\/sitio\/?product=apio-unid#breadcrumb\"},\"inLanguage\":\"es-CL\",\"potentialAction\":[{\"@type\":\"ReadAction\",\"target\":[\"https:\/\/verifrut.cl\/sitio\/?product=apio-unid\"]}]},{\"@type\":\"BreadcrumbList\",\"@id\":\"https:\/\/verifrut.cl\/sitio\/?product=apio-unid#breadcrumb\",\"itemListElement\":[{\"@type\":\"ListItem\",\"position\":1,\"name\":\"Portada\",\"item\":\"https:\/\/verifrut.cl\/sitio\/\"},{\"@type\":\"ListItem\",\"position\":2,\"name\":\"Tienda\",\"item\":\"https:\/\/verifrut.cl\/sitio\/?page_id=8\"},{\"@type\":\"ListItem\",\"position\":3,\"name\":\"APIO (unid)\"}]}]}<\/script>\n<!-- \/ Yoast SEO plugin. -->","yoast_head_json":{"title":"APIO (unid) &ndash; DELIVERY Frutas y Verduras entrega a domicilio Quillota y la Cruz","robots":{"index":"index","follow":"follow","max-snippet":"max-snippet:-1","max-image-preview":"max-image-preview:large","max-video-preview":"max-video-preview:-1"},"canonical":"https:\/\/verifrut.cl\/sitio\/?product=apio-unid","og_locale":"es_ES","og_type":"article","og_title":"APIO (unid) &ndash; DELIVERY Frutas y Verduras entrega a domicilio Quillota y la Cruz","og_description":"Beneficios del apio para la salud Es un gran depurativo. Gracias a su contenido en potasio, el apio estimula la producci\u00f3n de orina. Combate el estre\u00f1imiento y facilita la digesti\u00f3n. Ayuda a perder peso C\u00e1lculos renales. Relaja. \u00c1cido \u00farico. Reduce la tensi\u00f3n arterial. Anticancer\u00edgeno.","og_url":"https:\/\/verifrut.cl\/sitio\/?product=apio-unid","og_site_name":"DELIVERY Frutas y Verduras entrega a domicilio Quillota y la Cruz","article_modified_time":"2021-08-29T19:40:37+00:00","og_image":[{"width":456,"height":547,"url":"https:\/\/verifrut.cl\/sitio\/wp-content\/uploads\/2020\/07\/apio.png","type":"image\/png"}],"twitter_card":"summary_large_image","schema":{"@context":"https:\/\/schema.org","@graph":[{"@type":"Organization","@id":"https:\/\/verifrut.cl\/sitio\/#organization","name":"VERIFRUT Frutas y Verduras a domicilio","url":"https:\/\/verifrut.cl\/sitio\/","sameAs":[],"logo":{"@type":"ImageObject","@id":"https:\/\/verifrut.cl\/sitio\/#logo","inLanguage":"es-CL","url":"https:\/\/verifrut.cl\/sitio\/wp-content\/uploads\/2020\/06\/TITULO-WEB.png","contentUrl":"https:\/\/verifrut.cl\/sitio\/wp-content\/uploads\/2020\/06\/TITULO-WEB.png","width":1776,"height":492,"caption":"VERIFRUT Frutas y Verduras a domicilio"},"image":{"@id":"https:\/\/verifrut.cl\/sitio\/#logo"}},{"@type":"WebSite","@id":"https:\/\/verifrut.cl\/sitio\/#website","url":"https:\/\/verifrut.cl\/sitio\/","name":"DELIVERY Frutas y Verduras entrega a domicilio Quillota y la Cruz","description":"Delivery Frutas y Verduras en Quillota y la Cruz","publisher":{"@id":"https:\/\/verifrut.cl\/sitio\/#organization"},"potentialAction":[{"@type":"SearchAction","target":{"@type":"EntryPoint","urlTemplate":"https:\/\/verifrut.cl\/sitio\/?s={search_term_string}"},"query-input":"required name=search_term_string"}],"inLanguage":"es-CL"},{"@type":"ImageObject","@id":"https:\/\/verifrut.cl\/sitio\/?product=apio-unid#primaryimage","inLanguage":"es-CL","url":"https:\/\/verifrut.cl\/sitio\/wp-content\/uploads\/2020\/07\/apio.png","contentUrl":"https:\/\/verifrut.cl\/sitio\/wp-content\/uploads\/2020\/07\/apio.png","width":456,"height":547},{"@type":"WebPage","@id":"https:\/\/verifrut.cl\/sitio\/?product=apio-unid#webpage","url":"https:\/\/verifrut.cl\/sitio\/?product=apio-unid","name":"APIO (unid) &ndash; DELIVERY Frutas y Verduras entrega a domicilio Quillota y la Cruz","isPartOf":{"@id":"https:\/\/verifrut.cl\/sitio\/#website"},"primaryImageOfPage":{"@id":"https:\/\/verifrut.cl\/sitio\/?product=apio-unid#primaryimage"},"datePublished":"2020-07-01T08:46:35+00:00","dateModified":"2021-08-29T19:40:37+00:00","breadcrumb":{"@id":"https:\/\/verifrut.cl\/sitio\/?product=apio-unid#breadcrumb"},"inLanguage":"es-CL","potentialAction":[{"@type":"ReadAction","target":["https:\/\/verifrut.cl\/sitio\/?product=apio-unid"]}]},{"@type":"BreadcrumbList","@id":"https:\/\/verifrut.cl\/sitio\/?product=apio-unid#breadcrumb","itemListElement":[{"@type":"ListItem","position":1,"name":"Portada","item":"https:\/\/verifrut.cl\/sitio\/"},{"@type":"ListItem","position":2,"name":"Tienda","item":"https:\/\/verifrut.cl\/sitio\/?page_id=8"},{"@type":"ListItem","position":3,"name":"APIO (unid)"}]}]}},"_links":{"self":[{"href":"https:\/\/verifrut.cl\/sitio\/index.php?rest_route=\/wp\/v2\/product\/334"}],"collection":[{"href":"https:\/\/verifrut.cl\/sitio\/index.php?rest_route=\/wp\/v2\/product"}],"about":[{"href":"https:\/\/verifrut.cl\/sitio\/index.php?rest_route=\/wp\/v2\/types\/product"}],"wp:featuredmedia":[{"embeddable":true,"href":"https:\/\/verifrut.cl\/sitio\/index.php?rest_route=\/wp\/v2\/media\/335"}],"wp:attachment":[{"href":"https:\/\/verifrut.cl\/sitio\/index.php?rest_route=%2Fwp%2Fv2%2Fmedia&parent=334"}],"wp:term":[{"taxonomy":"product_cat","embeddable":true,"href":"https:\/\/verifrut.cl\/sitio\/index.php?rest_route=%2Fwp%2Fv2%2Fproduct_cat&post=334"},{"taxonomy":"product_tag","embeddable":true,"href":"https:\/\/verifrut.cl\/sitio\/index.php?rest_route=%2Fwp%2Fv2%2Fproduct_tag&post=334"}],"curies":[{"name":"wp","href":"https:\/\/api.w.org\/{rel}","templated":true}]}}